{"id":1178,"date":"2021-05-31T19:24:16","date_gmt":"2021-05-31T17:24:16","guid":{"rendered":"https:\/\/www.allexclusiveconciergerie.com\/?page_id=1178"},"modified":"2021-06-04T21:38:51","modified_gmt":"2021-06-04T19:38:51","slug":"sobre-nosotros","status":"publish","type":"page","link":"https:\/\/www.allexclusiveconciergerie.com\/es\/sobre-nosotros\/","title":{"rendered":"Sobre nosotros"},"content":{"rendered":"<div class=\"vc_row wpb_row vc_row-fluid header-spacing\"><div class=\"wpb_column vc_column_container vc_col-sm-12\"><div class=\"vc_column-inner\"><div class=\"wpb_wrapper\">\n\t\t\t<!-- START A propos REVOLUTION SLIDER 6.4.10 --><p class=\"rs-p-wp-fix\"><\/p>\n\t\t\t<rs-module-wrap id=\"rev_slider_3_1_wrapper\" data-source=\"gallery\" data-aimg=\"\"  style=\"background:#E9E9E9;padding:0;margin:0px auto;margin-top:0;margin-bottom:0;\">\n\t\t\t\t<rs-module id=\"rev_slider_3_1\" style=\"\" data-version=\"6.4.10\">\n\t\t\t\t\t<rs-slides>\n\t\t\t\t\t\t<rs-slide data-key=\"rs-5\" data-title=\"Slide\" data-anim=\"d:10;f:oppslidebased;\" data-in=\"prst:rndany;o:0;sx:1.1;sy:1.1;m:true;row:6;col:6;\" data-out=\"a:false;\">\n\t\t\t\t\t\t\t<img loading=\"lazy\" decoding=\"async\" src=\"\/\/www.allexclusiveconciergerie.com\/wp-content\/uploads\/revslider\/video-media\/9convert_5.jpeg\" title=\"9convert_5.jpeg\" width=\"1920\" height=\"1080\" class=\"rev-slidebg tp-rs-img\" data-no-retina>\n\t\t\t\t\t\t\t<rs-bgvideo \n\t\t\t\t\t\t\t\tdata-video=\"w:100%;h:100%;nse:false;l:true;ptimer:false;vfc:true;\"\n\t\t\t\t\t\t\t\tdata-mp4=\"\/\/www.allexclusiveconciergerie.com\/wp-content\/uploads\/2021\/05\/9convert.com-vide\u0301o-de-a-propos-societe_1080p.mp4\"\n\t\t\t\t\t\t\t><\/rs-bgvideo>\n<!--\n\t\t\t\t\t\t\t--><rs-layer\n\t\t\t\t\t\t\t\tid=\"slider-3-slide-5-layer-9\" \n\t\t\t\t\t\t\t\tdata-type=\"shape\"\n\t\t\t\t\t\t\t\tdata-rsp_ch=\"on\"\n\t\t\t\t\t\t\t\tdata-text=\"w:normal;\"\n\t\t\t\t\t\t\t\tdata-dim=\"w:100%;h:100%;\"\n\t\t\t\t\t\t\t\tdata-basealign=\"slide\"\n\t\t\t\t\t\t\t\tdata-frame_999=\"o:0;st:w;\"\n\t\t\t\t\t\t\t\tstyle=\"z-index:5;background-color:rgba(0,0,0,0.2);\"\n\t\t\t\t\t\t\t> \n\t\t\t\t\t\t\t<\/rs-layer><!--\n-->\t\t\t\t\t\t<\/rs-slide>\n\t\t\t\t\t\t<rs-slide data-key=\"rs-51\" data-title=\"Slide\" data-in=\"prst:rndany;y:100%;\" data-out=\"a:false;\">\n\t\t\t\t\t\t\t<img loading=\"lazy\" decoding=\"async\" src=\"\/\/www.allexclusiveconciergerie.com\/wp-content\/uploads\/revslider\/video-media\/9convert_5.jpeg\" title=\"9convert_5.jpeg\" width=\"1920\" height=\"1080\" class=\"rev-slidebg tp-rs-img\" data-no-retina>\n\t\t\t\t\t\t\t<rs-bgvideo \n\t\t\t\t\t\t\t\tdata-video=\"w:100%;h:100%;nse:false;l:true;ptimer:false;vfc:true;\"\n\t\t\t\t\t\t\t\tdata-mp4=\"\/\/www.allexclusiveconciergerie.com\/wp-content\/uploads\/2021\/05\/9convert.com-vide\u0301o-de-a-propos-societe_1080p.mp4\"\n\t\t\t\t\t\t\t><\/rs-bgvideo>\n<!--\n\t\t\t\t\t\t\t--><rs-layer\n\t\t\t\t\t\t\t\tid=\"slider-3-slide-51-layer-9\" \n\t\t\t\t\t\t\t\tdata-type=\"shape\"\n\t\t\t\t\t\t\t\tdata-rsp_ch=\"on\"\n\t\t\t\t\t\t\t\tdata-text=\"w:normal;\"\n\t\t\t\t\t\t\t\tdata-dim=\"w:100%;h:100%;\"\n\t\t\t\t\t\t\t\tdata-basealign=\"slide\"\n\t\t\t\t\t\t\t\tdata-frame_999=\"o:0;st:w;\"\n\t\t\t\t\t\t\t\tstyle=\"z-index:5;background-color:rgba(0,0,0,0.2);\"\n\t\t\t\t\t\t\t> \n\t\t\t\t\t\t\t<\/rs-layer><!--\n-->\t\t\t\t\t\t<\/rs-slide>\n\t\t\t\t\t<\/rs-slides>\n\t\t\t\t<\/rs-module>\n\t\t\t\t<script type=\"text\/javascript\">\n\t\t\t\t\tsetREVStartSize({c: 'rev_slider_3_1',rl:[1240,1024,778,480],el:[700],gw:[1100],gh:[700],type:'standard',justify:'',layout:'fullwidth',mh:\"600\"});\n\t\t\t\t\tvar\trevapi3,\n\t\t\t\t\t\ttpj;\n\t\t\t\t\tfunction revinit_revslider31() {\n\t\t\t\t\tjQuery(function() {\n\t\t\t\t\t\ttpj = jQuery;\n\t\t\t\t\t\trevapi3 = tpj(\"#rev_slider_3_1\");\n\t\t\t\t\t\ttpj.noConflict();\n\t\t\t\t\t\tif(revapi3==undefined || revapi3.revolution == undefined){\n\t\t\t\t\t\t\trevslider_showDoubleJqueryError(\"rev_slider_3_1\");\n\t\t\t\t\t\t}else{\n\t\t\t\t\t\t\trevapi3.revolution({\n\t\t\t\t\t\t\t\tDPR:\"dpr\",\n\t\t\t\t\t\t\t\tsliderLayout:\"fullwidth\",\n\t\t\t\t\t\t\t\tduration:\"25000ms\",\n\t\t\t\t\t\t\t\tvisibilityLevels:\"1240,1024,778,480\",\n\t\t\t\t\t\t\t\tgridwidth:1100,\n\t\t\t\t\t\t\t\tgridheight:700,\n\t\t\t\t\t\t\t\tminHeight:600,\n\t\t\t\t\t\t\t\tspinner:\"spinner0\",\n\t\t\t\t\t\t\t\tperspective:600,\n\t\t\t\t\t\t\t\tperspectiveType:\"local\",\n\t\t\t\t\t\t\t\teditorheight:\"700,768,960,720\",\n\t\t\t\t\t\t\t\tresponsiveLevels:\"1240,1024,778,480\",\n\t\t\t\t\t\t\t\tstopAtSlide:2,\n\t\t\t\t\t\t\t\tstopAfterLoops:0,\n\t\t\t\t\t\t\t\tajaxUrl:\"https:\/\/www.allexclusiveconciergerie.com\/wp-admin\/admin-ajax.php\",\n\t\t\t\t\t\t\t\tprogressBar:{disableProgressBar:true},\n\t\t\t\t\t\t\t\tnavigation: {\n\t\t\t\t\t\t\t\t\tmouseScrollNavigation:false,\n\t\t\t\t\t\t\t\t\twheelCallDelay:1000,\n\t\t\t\t\t\t\t\t\ttouch: {\n\t\t\t\t\t\t\t\t\t\ttouchenabled:true\n\t\t\t\t\t\t\t\t\t}\n\t\t\t\t\t\t\t\t},\n\t\t\t\t\t\t\t\tfallbacks: {\n\t\t\t\t\t\t\t\t\tallowHTML5AutoPlayOnAndroid:true\n\t\t\t\t\t\t\t\t},\n\t\t\t\t\t\t\t});\n\t\t\t\t\t\t}\n\t\t\t\t\t\t\n\t\t\t\t\t});\n\t\t\t\t\t} \/\/ End of RevInitScript\n\t\t\t\tvar once_revslider31 = false;\n\t\t\t\tif (document.readyState === \"loading\") {document.addEventListener('readystatechange',function() { if((document.readyState === \"interactive\" || document.readyState === \"complete\") && !once_revslider31 ) { once_revslider31 = true; revinit_revslider31();}});} else {once_revslider31 = true; revinit_revslider31();}\n\t\t\t\t<\/script>\n\t\t\t<\/rs-module-wrap>\n\t\t\t<!-- END REVOLUTION SLIDER -->\n<\/div><\/div><\/div><\/div><section  class=\"content-section\" ><div class=\"container\"><div class=\"vc_row wpb_row vc_row-fluid\"><div class=\"wpb_column vc_column_container vc_col-sm-12\"><div class=\"vc_column-inner\"><div class=\"wpb_wrapper\">\n\n\n<div class=\"about-content wow fadeInUp\" >\n\t\t  <h2 style=\"text-align: center;\">Nuestra Agencia<\/h2>\n<h6 style=\"text-align: center;\">Exclusive Conciergerie es una agencia con sede en Par\u00eds.<\/h6>\n\t\n\t\n\t\n\t\n\t\t  <\/div>\n\n\t\t\n\n\n<div class=\"about-content wow fadeInUp\" >\n\t\t  <div style=\"text-align: center;\">Trabajamos con clientes franceses e internacionales.<\/div>\n<div style=\"text-align: center;\">El equipo de la Exclusive Conciergerie est\u00e1 al servicio de sus socios, en cualquier parte del mundo, los 7 d\u00edas de la semana y, las 24 horas del d\u00eda, para atender todas sus peticiones.<\/div>\n<div style=\"text-align: center;\"><span style=\"color: #d8.bae6c2f652db.4ed4a9ea6168df.556e02b9dae;\">Gracias a nuestra amplia red y contactos, tenemos un aceso a los mejores servicios y prestaciones que existen en el mercado. Ejecutamos un servicio a medida, somos proactivos en todos nuestros encargemos. Tenemos una gran capacidad de adaptaci\u00f3n para satisfacer perfectamente su sollicitud.<\/span><\/div>\n\t\n\t\n\t\n\t\n\t\t  <\/div>\n\n\t\t<div class=\"vc_row wpb_row vc_inner vc_row-fluid vc_custom_1621857597232\"><div class=\"wpb_column vc_column_container vc_col-sm-6\"><div class=\"vc_column-inner\"><div class=\"wpb_wrapper\">\n\t<div  class=\"wpb_single_image wpb_content_element vc_align_center\">\n\t\t\n\t\t<figure class=\"wpb_wrapper vc_figure\">\n\t\t\t<div class=\"vc_single_image-wrapper   vc_box_border_grey\"><img loading=\"lazy\" decoding=\"async\" width=\"1600\" height=\"1066\" src=\"https:\/\/www.allexclusiveconciergerie.com\/wp-content\/uploads\/2021\/05\/bureaux-paris-conciergerie-luxe.jpg\" class=\"vc_single_image-img attachment-full\" alt=\"\" srcset=\"https:\/\/www.allexclusiveconciergerie.com\/wp-content\/uploads\/2021\/05\/bureaux-paris-conciergerie-luxe.jpg 1600w, https:\/\/www.allexclusiveconciergerie.com\/wp-content\/uploads\/2021\/05\/bureaux-paris-conciergerie-luxe-300x200.jpg 300w, https:\/\/www.allexclusiveconciergerie.com\/wp-content\/uploads\/2021\/05\/bureaux-paris-conciergerie-luxe-1024x682.jpg 1024w, https:\/\/www.allexclusiveconciergerie.com\/wp-content\/uploads\/2021\/05\/bureaux-paris-conciergerie-luxe-768x512.jpg 768w, https:\/\/www.allexclusiveconciergerie.com\/wp-content\/uploads\/2021\/05\/bureaux-paris-conciergerie-luxe-1536x1023.jpg 1536w\" sizes=\"auto, (max-width: 1600px) 100vw, 1600px\" \/><\/div>\n\t\t<\/figure>\n\t<\/div>\n<\/div><\/div><\/div><div class=\"bloc2apropos wpb_column vc_column_container vc_col-sm-6\"><div class=\"vc_column-inner\"><div class=\"wpb_wrapper\">\n\n\n<div class=\"about-content wow fadeInUp\" >\n\t\t  <h2 style=\"text-align: center;\">Los fundadores<\/h2>\n\t\n\t\n\t\n\t\n\t\t  <\/div>\n\n\t\t\n\n\n<div class=\"about-content wow fadeInUp\" >\n\t\t  <p style=\"text-align: center;\">Apasionados por el mundo del lujo, sus creaciones y sus servicios de excelencia, fue una tarde de invierno cuando Thomas Capelle y Stan Se\u00eft\u00e9 escuchan su intuici\u00f3n y decidieron dar a luz a Exclusive Conciergerie. Los servicios de esta agencia son verdaderas experiencias llenas de emociones y dan la oportunidad a sus clientes franceses y extranjeros de vivir plenamente el lujo parisino<\/p>\n\t\n\t\n\t\n\t\n\t\t  <\/div>\n\n\t\t<\/div><\/div><\/div><\/div><div class=\"vc_empty_space\"   style=\"height: 55px\"><span class=\"vc_empty_space_inner\"><\/span><\/div>\n\t<div  class=\"wpb_single_image wpb_content_element vc_align_center\">\n\t\t\n\t\t<figure class=\"wpb_wrapper vc_figure\">\n\t\t\t<div class=\"vc_single_image-wrapper   vc_box_border_grey\"><img loading=\"lazy\" decoding=\"async\" width=\"640\" height=\"783\" src=\"https:\/\/www.allexclusiveconciergerie.com\/wp-content\/uploads\/2021\/05\/Private.jet_.island.vacation.shifaaz-shamoon-837x1024.jpg\" class=\"vc_single_image-img attachment-large\" alt=\"\" srcset=\"https:\/\/www.allexclusiveconciergerie.com\/wp-content\/uploads\/2021\/05\/Private.jet_.island.vacation.shifaaz-shamoon-837x1024.jpg 837w, https:\/\/www.allexclusiveconciergerie.com\/wp-content\/uploads\/2021\/05\/Private.jet_.island.vacation.shifaaz-shamoon-245x300.jpg 245w, https:\/\/www.allexclusiveconciergerie.com\/wp-content\/uploads\/2021\/05\/Private.jet_.island.vacation.shifaaz-shamoon-768x939.jpg 768w, https:\/\/www.allexclusiveconciergerie.com\/wp-content\/uploads\/2021\/05\/Private.jet_.island.vacation.shifaaz-shamoon-1256x1536.jpg 1256w, https:\/\/www.allexclusiveconciergerie.com\/wp-content\/uploads\/2021\/05\/Private.jet_.island.vacation.shifaaz-shamoon-1675x2048.jpg 1675w\" sizes=\"auto, (max-width: 640px) 100vw, 640px\" \/><\/div>\n\t\t<\/figure>\n\t<\/div>\n<div class=\"vc_empty_space\"   style=\"height: 55px\"><span class=\"vc_empty_space_inner\"><\/span><\/div>\n\n\n<div class=\"about-content wow fadeInUp\" >\n\t\t  <h2 style=\"text-align: center;\">Facilitador de la vida y los deseos.<\/h2>\n\t\n\t\n\t\n\t\n\t\t  <\/div>\n\n\t\t<div class=\"vc_row wpb_row vc_inner vc_row-fluid vc_custom_1584806158368\"><div class=\"bloc3apropos wpb_column vc_column_container vc_col-sm-12\"><div class=\"vc_column-inner\"><div class=\"wpb_wrapper\">\n\n\n<div class=\"about-content wow fadeInUp\" >\n\t\t  <p style=\"text-align: center;\">Recurrir a un servicio de conserjer\u00eda no es simplemente hacer una solicitud de reserva por correo electr\u00f3nico o ser atendido a trav\u00e9s de un centro de llamadas an\u00f3nimo, como desgraciadamente ocurre a menudo. Es un trabajo para profesionales apasionados y experimentados.<\/p>\n<p>Exclusive Conciergerie y su equipo est\u00e1n al servicio de una \u00e9lite de personas que buscan experiencias excepcionales. Nuestros conserjes, impecablemente formados, discretos, eficientes y finos psic\u00f3logos son capaces de hacer posible lo imposible.<\/p>\n<p>Sean cuales sean, el equipo de Exclusive Conciergerie acompa\u00f1a a sus clientes, est\u00e9n donde est\u00e9n en el mundo, y hace todo lo posible para satisfacer a sus miembros m\u00e1s exclusivos.<\/p>\n<p>Como su tiempo es precioso, todo el equipo trabaja para hacer realidad sus sue\u00f1os.<\/p>\n<p>Nuestro negocio es una profesi\u00f3n en la que el elemento humano predomina sobre la tecnolog\u00eda. Es una profesi\u00f3n a escala humana, una profesi\u00f3n de alta precisi\u00f3n como la alta joyer\u00eda y costura.<\/p>\n\t\n\t\n\t\n\t\n\t\t  <\/div>\n\n\t\t<div class=\"vc_empty_space\"   style=\"height: 32px\"><span class=\"vc_empty_space_inner\"><\/span><\/div>\n\n\n<div class=\"about-content wow fadeInUp\" >\n\t\t  <div>\n<p style=\"text-align: center;\"><b style=\"color: #e9cfa7;\">NUESTRA AMBICI\u00d3N<\/b><br \/>\nHacer de cada uno de sus deseos un recuerdo inolvidable.<\/p>\n<p style=\"text-align: center;\"><b style=\"color: #e9cfa7;\">NUESTRA PASI\u00d3N<\/b><br \/>\nPara encontrar soluciones a cada una de sus peticiones y deseos.<\/p>\n<p style=\"text-align: center;\"><b style=\"color: #e9cfa7;\">NUESTRA EXPERIENCIA<\/b><br \/>\nPara hacer realidad sus deseos y acompa\u00f1arle en todas sus necesidades diarias o durante experiencias extraordinarias, gracias a nuestros expertos conserjes y a nuestros contactos exclusivos en todo el mundo.<\/p>\n<p style=\"text-align: center;\">Esta es nuestra visi\u00f3n de la profesi\u00f3n, nuestro pliego de condiciones, nuestra experiencia y nuestro \u00fanico objetivo.<\/p>\n<p style=\"text-align: center;\">Bienvenido a la era de los servicios de conserjer\u00eda de alta calidad.<\/p>\n<\/div>\n\t\n\t\n\t\n\t\n\t\t  <\/div>\n\n\t\t<\/div><\/div><\/div><\/div><\/div><\/div><\/div><\/div><\/div><\/section>","protected":false},"excerpt":{"rendered":"Nuestra Agencia Exclusive Conciergerie es una agencia con sede en Par\u00eds. Trabajamos con clientes franceses e internacionales. El equipo de la Exclusive Conciergerie est\u00e1 al servicio de sus socios, en cualquier parte del mundo, los 7 d\u00edas de la semana y, las 24 horas del d\u00eda, para atender todas sus peticiones. Gracias a nuestra amplia [...]","protected":false},"author":1,"featured_media":0,"parent":0,"menu_order":0,"comment_status":"closed","ping_status":"closed","template":"page-portfolio.php","meta":{"footnotes":""},"class_list":["post-1178","page","type-page","status-publish","hentry"],"yoast_head":"<!-- This site is optimized with the Yoast SEO plugin v21.6 - https:\/\/yoast.com\/wordpress\/plugins\/seo\/ -->\n<title>All Exclusive Conciergerie - Sobre nosotros<\/title>\n<meta name=\"robots\" content=\"index, follow, max-snippet:-1, max-image-preview:large, max-video-preview:-1\" \/>\n<link rel=\"canonical\" href=\"https:\/\/www.allexclusiveconciergerie.com\/es\/sobre-nosotros\/\" \/>\n<meta property=\"og:locale\" content=\"es_ES\" \/>\n<meta property=\"og:type\" content=\"article\" \/>\n<meta property=\"og:title\" content=\"All Exclusive Conciergerie - Sobre nosotros\" \/>\n<meta property=\"og:url\" content=\"https:\/\/www.allexclusiveconciergerie.com\/es\/sobre-nosotros\/\" \/>\n<meta property=\"og:site_name\" content=\"All Exclusive Conciergerie\" \/>\n<meta property=\"article:modified_time\" content=\"2021-06-04T19:38:51+00:00\" \/>\n<meta name=\"twitter:card\" content=\"summary_large_image\" \/>\n<meta name=\"twitter:label1\" content=\"Tiempo de lectura\" \/>\n\t<meta name=\"twitter:data1\" content=\"3 minutos\" \/>\n<script type=\"application\/ld+json\" class=\"yoast-schema-graph\">{\"@context\":\"https:\/\/schema.org\",\"@graph\":[{\"@type\":\"WebPage\",\"@id\":\"https:\/\/www.allexclusiveconciergerie.com\/es\/sobre-nosotros\/\",\"url\":\"https:\/\/www.allexclusiveconciergerie.com\/es\/sobre-nosotros\/\",\"name\":\"All Exclusive Conciergerie - Sobre nosotros\",\"isPartOf\":{\"@id\":\"https:\/\/www.allexclusiveconciergerie.com\/fr\/#website\"},\"datePublished\":\"2021-05-31T17:24:16+00:00\",\"dateModified\":\"2021-06-04T19:38:51+00:00\",\"breadcrumb\":{\"@id\":\"https:\/\/www.allexclusiveconciergerie.com\/es\/sobre-nosotros\/#breadcrumb\"},\"inLanguage\":\"es\",\"potentialAction\":[{\"@type\":\"ReadAction\",\"target\":[\"https:\/\/www.allexclusiveconciergerie.com\/es\/sobre-nosotros\/\"]}]},{\"@type\":\"BreadcrumbList\",\"@id\":\"https:\/\/www.allexclusiveconciergerie.com\/es\/sobre-nosotros\/#breadcrumb\",\"itemListElement\":[{\"@type\":\"ListItem\",\"position\":1,\"name\":\"Accueil\",\"item\":\"https:\/\/www.allexclusiveconciergerie.com\/es\/\"},{\"@type\":\"ListItem\",\"position\":2,\"name\":\"Sobre nosotros\"}]},{\"@type\":\"WebSite\",\"@id\":\"https:\/\/www.allexclusiveconciergerie.com\/fr\/#website\",\"url\":\"https:\/\/www.allexclusiveconciergerie.com\/fr\/\",\"name\":\"All Exclusive Conciergerie\",\"description\":\"Facilatateur de vie et d\u2019envie\",\"potentialAction\":[{\"@type\":\"SearchAction\",\"target\":{\"@type\":\"EntryPoint\",\"urlTemplate\":\"https:\/\/www.allexclusiveconciergerie.com\/fr\/?s={search_term_string}\"},\"query-input\":\"required name=search_term_string\"}],\"inLanguage\":\"es\"}]}<\/script>\n<!-- \/ Yoast SEO plugin. -->","yoast_head_json":{"title":"All Exclusive Conciergerie - Sobre nosotros","robots":{"index":"index","follow":"follow","max-snippet":"max-snippet:-1","max-image-preview":"max-image-preview:large","max-video-preview":"max-video-preview:-1"},"canonical":"https:\/\/www.allexclusiveconciergerie.com\/es\/sobre-nosotros\/","og_locale":"es_ES","og_type":"article","og_title":"All Exclusive Conciergerie - Sobre nosotros","og_url":"https:\/\/www.allexclusiveconciergerie.com\/es\/sobre-nosotros\/","og_site_name":"All Exclusive Conciergerie","article_modified_time":"2021-06-04T19:38:51+00:00","twitter_card":"summary_large_image","twitter_misc":{"Tiempo de lectura":"3 minutos"},"schema":{"@context":"https:\/\/schema.org","@graph":[{"@type":"WebPage","@id":"https:\/\/www.allexclusiveconciergerie.com\/es\/sobre-nosotros\/","url":"https:\/\/www.allexclusiveconciergerie.com\/es\/sobre-nosotros\/","name":"All Exclusive Conciergerie - Sobre nosotros","isPartOf":{"@id":"https:\/\/www.allexclusiveconciergerie.com\/fr\/#website"},"datePublished":"2021-05-31T17:24:16+00:00","dateModified":"2021-06-04T19:38:51+00:00","breadcrumb":{"@id":"https:\/\/www.allexclusiveconciergerie.com\/es\/sobre-nosotros\/#breadcrumb"},"inLanguage":"es","potentialAction":[{"@type":"ReadAction","target":["https:\/\/www.allexclusiveconciergerie.com\/es\/sobre-nosotros\/"]}]},{"@type":"BreadcrumbList","@id":"https:\/\/www.allexclusiveconciergerie.com\/es\/sobre-nosotros\/#breadcrumb","itemListElement":[{"@type":"ListItem","position":1,"name":"Accueil","item":"https:\/\/www.allexclusiveconciergerie.com\/es\/"},{"@type":"ListItem","position":2,"name":"Sobre nosotros"}]},{"@type":"WebSite","@id":"https:\/\/www.allexclusiveconciergerie.com\/fr\/#website","url":"https:\/\/www.allexclusiveconciergerie.com\/fr\/","name":"All Exclusive Conciergerie","description":"Facilatateur de vie et d\u2019envie","potentialAction":[{"@type":"SearchAction","target":{"@type":"EntryPoint","urlTemplate":"https:\/\/www.allexclusiveconciergerie.com\/fr\/?s={search_term_string}"},"query-input":"required name=search_term_string"}],"inLanguage":"es"}]}},"lang":"es","translations":{"en":1098,"fr":221,"es":1178},"_links":{"self":[{"href":"https:\/\/www.allexclusiveconciergerie.com\/es\/wp-json\/wp\/v2\/pages\/1178","targetHints":{"allow":["GET"]}}],"collection":[{"href":"https:\/\/www.allexclusiveconciergerie.com\/es\/wp-json\/wp\/v2\/pages"}],"about":[{"href":"https:\/\/www.allexclusiveconciergerie.com\/es\/wp-json\/wp\/v2\/types\/page"}],"author":[{"embeddable":true,"href":"https:\/\/www.allexclusiveconciergerie.com\/es\/wp-json\/wp\/v2\/users\/1"}],"replies":[{"embeddable":true,"href":"https:\/\/www.allexclusiveconciergerie.com\/es\/wp-json\/wp\/v2\/comments?post=1178"}],"version-history":[{"count":10,"href":"https:\/\/www.allexclusiveconciergerie.com\/es\/wp-json\/wp\/v2\/pages\/1178\/revisions"}],"predecessor-version":[{"id":1287,"href":"https:\/\/www.allexclusiveconciergerie.com\/es\/wp-json\/wp\/v2\/pages\/1178\/revisions\/1287"}],"wp:attachment":[{"href":"https:\/\/www.allexclusiveconciergerie.com\/es\/wp-json\/wp\/v2\/media?parent=1178"}],"curies":[{"name":"wp","href":"https:\/\/api.w.org\/{rel}","templated":true}]}}