{"id":1184,"date":"2021-05-31T19:25:17","date_gmt":"2021-05-31T17:25:17","guid":{"rendered":"https:\/\/www.allexclusiveconciergerie.com\/?page_id=1184"},"modified":"2021-05-31T20:16:02","modified_gmt":"2021-05-31T18:16:02","slug":"contacte-con","status":"publish","type":"page","link":"https:\/\/www.allexclusiveconciergerie.com\/es\/contacte-con\/","title":{"rendered":"Contacte con"},"content":{"rendered":"<section  class=\"content-section no-spacing\" ><div class=\"container\"><div class=\"vc_row wpb_row vc_row-fluid vc_custom_1622325811998\"><div class=\"wpb_column vc_column_container vc_col-sm-12\"><div class=\"vc_column-inner\"><div class=\"wpb_wrapper\"><div class=\"section-titles\" >\n\t\n\t\t\n\t\n  \n    <h2>\u00bfQuiere ponerse en contacto con nosotros?<\/h2>\n  \t\n\t\n\t\n\t  <small>\n  \u00a1LE RESPONDEREMOS R\u00c1PIDAMENTE!  <\/small>\n  \t\n\t\n<\/div>\n<div class=\"vc_row wpb_row vc_inner vc_row-fluid\"><div class=\"wpb_column vc_column_container vc_col-sm-4\"><div class=\"vc_column-inner\"><div class=\"wpb_wrapper\">\n        <address class=\"contact-box\" >\n           \n\t            <p><strong>Vis\u00edtenos<\/strong><\/p>\n<p>Exclusive Conciergerie<br \/>\n66 Avenue Des Champs-Elys\u00e9es<br \/>\n75008 Paris, FRANCE<\/p>\n           \n        <\/address>\n\t\t<\/div><\/div><\/div><div class=\"wpb_column vc_column_container vc_col-sm-4\"><div class=\"vc_column-inner\"><div class=\"wpb_wrapper\">\n        <address class=\"contact-box\" >\n           \n\t            <p><strong>Ll\u00e1menos por tel\u00e9fono<\/strong><\/p>\n<p>+33 6 34 66 68 83<\/p>\n           \n        <\/address>\n\t\t<\/div><\/div><\/div><div class=\"emailtextcontact wpb_column vc_column_container vc_col-sm-4\"><div class=\"vc_column-inner\"><div class=\"wpb_wrapper\">\n        <address class=\"contact-box\" >\n           \n\t            <p><strong>O por correo<\/strong><\/p>\n<p><a href=\"mailto:contact@exclusiveconciergerie.com\">contact@exclusiveconciergerie.com<\/a><\/p>\n           \n        <\/address>\n\t\t<\/div><\/div><\/div><\/div><\/div><\/div><\/div><\/div><\/div><\/section><section  class=\"content-section no-spacing\" ><div class=\"container\"><div class=\"vc_row wpb_row vc_row-fluid vc_custom_1622327846873\"><div class=\"wpb_column vc_column_container vc_col-sm-12 vc_col-md-6\"><div class=\"vc_column-inner\"><div class=\"wpb_wrapper\">            <div class=\"map\" >\n\t\t\t\t\n\t\t\t\t\n\t\t\t\t<div class=\"pattern-bg\" data-stellar-ratio=\"1.03\"><\/div>\n          <!-- end pattern-bg -->\n          <div class=\"holder\" data-stellar-ratio=\"1.07\"> \n\t\t <iframe loading=\"lazy\" src=\"https:\/\/www.google.com\/maps\/embed?pb=!1m18!1m12!1m3!1d2624.3336111805493!2d2.303238315674836!3d48.87091647928873!2m3!1f0!2f0!3f0!3m2!1i1024!2i768!4f13.1!3m3!1m2!1s0x47e66fc3c52c6deb%3A0x9eda90a43280f6b0!2s66%20Av.%20des%20Champs-%C3%89lys%C3%A9es%2C%2075008%20Paris%2C%20France!5e0!3m2!1sen!2sae!4v1622320320913!5m2!1sen!2sae\" width=\"100%\" height=\"380\" frameborder=\"0\" style=\"border:0\" allowfullscreen><\/iframe>\n         <\/div>\n          <!-- end holder --> \n\t\t\t\t\n\t\t\t\t\n               \n            <\/div>\n\n\t\t\t<\/div><\/div><\/div><div class=\"wpb_column vc_column_container vc_col-sm-12 vc_col-md-6\"><div class=\"vc_column-inner vc_custom_1584959318998\"><div class=\"wpb_wrapper\">\n<div class=\"wpcf7 no-js\" id=\"wpcf7-f1248-o1\" lang=\"fr-FR\" dir=\"ltr\">\n<div class=\"screen-reader-response\"><p role=\"status\" aria-live=\"polite\" aria-atomic=\"true\"><\/p> <ul><\/ul><\/div>\n<form action=\"\/es\/wp-json\/wp\/v2\/pages\/1184#wpcf7-f1248-o1\" method=\"post\" class=\"wpcf7-form init\" aria-label=\"Formulaire de contact\" novalidate=\"novalidate\" data-status=\"init\" data-trp-original-action=\"\/es\/wp-json\/wp\/v2\/pages\/1184#wpcf7-f1248-o1\">\n<div style=\"display: none;\">\n<input type=\"hidden\" name=\"_wpcf7\" value=\"1248\" \/>\n<input type=\"hidden\" name=\"_wpcf7_version\" value=\"5.8.3\" \/>\n<input type=\"hidden\" name=\"_wpcf7_locale\" value=\"fr_FR\" \/>\n<input type=\"hidden\" name=\"_wpcf7_unit_tag\" value=\"wpcf7-f1248-o1\" \/>\n<input type=\"hidden\" name=\"_wpcf7_container_post\" value=\"0\" \/>\n<input type=\"hidden\" name=\"_wpcf7_posted_data_hash\" value=\"\" \/>\n<\/div>\n<p><label> Nombre<br \/>\n<span class=\"wpcf7-form-control-wrap\" data-name=\"your-name\"><input size=\"40\" class=\"wpcf7-form-control wpcf7-text wpcf7-validates-as-required\" aria-required=\"true\" aria-invalid=\"false\" value=\"\" type=\"text\" name=\"your-name\" \/><\/span> <\/label>\n<\/p>\n<p><label> Env\u00ede un correo electr\u00f3nico<br \/>\n<span class=\"wpcf7-form-control-wrap\" data-name=\"your-email\"><input size=\"40\" class=\"wpcf7-form-control wpcf7-email wpcf7-validates-as-required wpcf7-text wpcf7-validates-as-email\" aria-required=\"true\" aria-invalid=\"false\" value=\"\" type=\"email\" name=\"your-email\" \/><\/span> <\/label>\n<\/p>\n<p><label> Asunto<br \/>\n<span class=\"wpcf7-form-control-wrap\" data-name=\"your-subject\"><input size=\"40\" class=\"wpcf7-form-control wpcf7-text wpcf7-validates-as-required\" aria-required=\"true\" aria-invalid=\"false\" value=\"\" type=\"text\" name=\"your-subject\" \/><\/span> <\/label>\n<\/p>\n<p><label> Su mensaje<br \/>\n<span class=\"wpcf7-form-control-wrap\" data-name=\"your-message\"><textarea cols=\"40\" rows=\"10\" class=\"wpcf7-form-control wpcf7-textarea wpcf7-validates-as-required\" aria-required=\"true\" aria-invalid=\"false\" name=\"your-message\"><\/textarea><\/span> <\/label>\n<\/p>\n<p><input class=\"wpcf7-form-control wpcf7-submit has-spinner\" type=\"submit\" value=\"Enviar\" \/>\n<\/p><div class=\"wpcf7-response-output\" aria-hidden=\"true\"><\/div>\n<input type=\"hidden\" name=\"trp-form-language\" value=\"es\"\/><\/form>\n<\/div>\n<\/div><\/div><\/div><\/div><\/div><\/section>","protected":false},"excerpt":{"rendered":"\u00bfQuiere ponerse en contacto con nosotros? \u00a1LE RESPONDEREMOS R\u00c1PIDAMENTE! Vis\u00edtenos Exclusive Conciergerie 66 Avenue Des Champs-Elys\u00e9es 75008 Paris, FRANCE Ll\u00e1menos por tel\u00e9fono +33 6 34 66 68 83 O por correo contact@exclusiveconciergerie.com Nombre Env\u00ede un correo electr\u00f3nico Asunto Su mensaje","protected":false},"author":1,"featured_media":0,"parent":0,"menu_order":0,"comment_status":"closed","ping_status":"closed","template":"page-portfolio.php","meta":{"footnotes":""},"class_list":["post-1184","page","type-page","status-publish","hentry"],"yoast_head":"<!-- This site is optimized with the Yoast SEO plugin v21.6 - https:\/\/yoast.com\/wordpress\/plugins\/seo\/ -->\n<title>All Exclusive Conciergerie - Contacte con<\/title>\n<meta name=\"robots\" content=\"index, follow, max-snippet:-1, max-image-preview:large, max-video-preview:-1\" \/>\n<link rel=\"canonical\" href=\"https:\/\/www.allexclusiveconciergerie.com\/es\/contacte-con\/\" \/>\n<meta property=\"og:locale\" content=\"es_ES\" \/>\n<meta property=\"og:type\" content=\"article\" \/>\n<meta property=\"og:title\" content=\"All Exclusive Conciergerie - Contacte con\" \/>\n<meta property=\"og:url\" content=\"https:\/\/www.allexclusiveconciergerie.com\/es\/contacte-con\/\" \/>\n<meta property=\"og:site_name\" content=\"All Exclusive Conciergerie\" \/>\n<meta property=\"article:modified_time\" content=\"2021-05-31T18:16:02+00:00\" \/>\n<meta name=\"twitter:card\" content=\"summary_large_image\" \/>\n<meta name=\"twitter:label1\" content=\"Tiempo de lectura\" \/>\n\t<meta name=\"twitter:data1\" content=\"1 minuto\" \/>\n<script type=\"application\/ld+json\" class=\"yoast-schema-graph\">{\"@context\":\"https:\/\/schema.org\",\"@graph\":[{\"@type\":\"WebPage\",\"@id\":\"https:\/\/www.allexclusiveconciergerie.com\/es\/contacte-con\/\",\"url\":\"https:\/\/www.allexclusiveconciergerie.com\/es\/contacte-con\/\",\"name\":\"All Exclusive Conciergerie - Contacte con\",\"isPartOf\":{\"@id\":\"https:\/\/www.allexclusiveconciergerie.com\/fr\/#website\"},\"datePublished\":\"2021-05-31T17:25:17+00:00\",\"dateModified\":\"2021-05-31T18:16:02+00:00\",\"breadcrumb\":{\"@id\":\"https:\/\/www.allexclusiveconciergerie.com\/es\/contacte-con\/#breadcrumb\"},\"inLanguage\":\"es\",\"potentialAction\":[{\"@type\":\"ReadAction\",\"target\":[\"https:\/\/www.allexclusiveconciergerie.com\/es\/contacte-con\/\"]}]},{\"@type\":\"BreadcrumbList\",\"@id\":\"https:\/\/www.allexclusiveconciergerie.com\/es\/contacte-con\/#breadcrumb\",\"itemListElement\":[{\"@type\":\"ListItem\",\"position\":1,\"name\":\"Accueil\",\"item\":\"https:\/\/www.allexclusiveconciergerie.com\/es\/\"},{\"@type\":\"ListItem\",\"position\":2,\"name\":\"Contacte con\"}]},{\"@type\":\"WebSite\",\"@id\":\"https:\/\/www.allexclusiveconciergerie.com\/fr\/#website\",\"url\":\"https:\/\/www.allexclusiveconciergerie.com\/fr\/\",\"name\":\"All Exclusive Conciergerie\",\"description\":\"Facilatateur de vie et d\u2019envie\",\"potentialAction\":[{\"@type\":\"SearchAction\",\"target\":{\"@type\":\"EntryPoint\",\"urlTemplate\":\"https:\/\/www.allexclusiveconciergerie.com\/fr\/?s={search_term_string}\"},\"query-input\":\"required name=search_term_string\"}],\"inLanguage\":\"es\"}]}<\/script>\n<!-- \/ Yoast SEO plugin. -->","yoast_head_json":{"title":"All Exclusive Conciergerie - Contacte con","robots":{"index":"index","follow":"follow","max-snippet":"max-snippet:-1","max-image-preview":"max-image-preview:large","max-video-preview":"max-video-preview:-1"},"canonical":"https:\/\/www.allexclusiveconciergerie.com\/es\/contacte-con\/","og_locale":"es_ES","og_type":"article","og_title":"All Exclusive Conciergerie - Contacte con","og_url":"https:\/\/www.allexclusiveconciergerie.com\/es\/contacte-con\/","og_site_name":"All Exclusive Conciergerie","article_modified_time":"2021-05-31T18:16:02+00:00","twitter_card":"summary_large_image","twitter_misc":{"Tiempo de lectura":"1 minuto"},"schema":{"@context":"https:\/\/schema.org","@graph":[{"@type":"WebPage","@id":"https:\/\/www.allexclusiveconciergerie.com\/es\/contacte-con\/","url":"https:\/\/www.allexclusiveconciergerie.com\/es\/contacte-con\/","name":"All Exclusive Conciergerie - Contacte con","isPartOf":{"@id":"https:\/\/www.allexclusiveconciergerie.com\/fr\/#website"},"datePublished":"2021-05-31T17:25:17+00:00","dateModified":"2021-05-31T18:16:02+00:00","breadcrumb":{"@id":"https:\/\/www.allexclusiveconciergerie.com\/es\/contacte-con\/#breadcrumb"},"inLanguage":"es","potentialAction":[{"@type":"ReadAction","target":["https:\/\/www.allexclusiveconciergerie.com\/es\/contacte-con\/"]}]},{"@type":"BreadcrumbList","@id":"https:\/\/www.allexclusiveconciergerie.com\/es\/contacte-con\/#breadcrumb","itemListElement":[{"@type":"ListItem","position":1,"name":"Accueil","item":"https:\/\/www.allexclusiveconciergerie.com\/es\/"},{"@type":"ListItem","position":2,"name":"Contacte con"}]},{"@type":"WebSite","@id":"https:\/\/www.allexclusiveconciergerie.com\/fr\/#website","url":"https:\/\/www.allexclusiveconciergerie.com\/fr\/","name":"All Exclusive Conciergerie","description":"Facilatateur de vie et d\u2019envie","potentialAction":[{"@type":"SearchAction","target":{"@type":"EntryPoint","urlTemplate":"https:\/\/www.allexclusiveconciergerie.com\/fr\/?s={search_term_string}"},"query-input":"required name=search_term_string"}],"inLanguage":"es"}]}},"lang":"es","translations":{"en":1105,"fr":17,"es":1184},"_links":{"self":[{"href":"https:\/\/www.allexclusiveconciergerie.com\/es\/wp-json\/wp\/v2\/pages\/1184","targetHints":{"allow":["GET"]}}],"collection":[{"href":"https:\/\/www.allexclusiveconciergerie.com\/es\/wp-json\/wp\/v2\/pages"}],"about":[{"href":"https:\/\/www.allexclusiveconciergerie.com\/es\/wp-json\/wp\/v2\/types\/page"}],"author":[{"embeddable":true,"href":"https:\/\/www.allexclusiveconciergerie.com\/es\/wp-json\/wp\/v2\/users\/1"}],"replies":[{"embeddable":true,"href":"https:\/\/www.allexclusiveconciergerie.com\/es\/wp-json\/wp\/v2\/comments?post=1184"}],"version-history":[{"count":5,"href":"https:\/\/www.allexclusiveconciergerie.com\/es\/wp-json\/wp\/v2\/pages\/1184\/revisions"}],"predecessor-version":[{"id":1251,"href":"https:\/\/www.allexclusiveconciergerie.com\/es\/wp-json\/wp\/v2\/pages\/1184\/revisions\/1251"}],"wp:attachment":[{"href":"https:\/\/www.allexclusiveconciergerie.com\/es\/wp-json\/wp\/v2\/media?parent=1184"}],"curies":[{"name":"wp","href":"https:\/\/api.w.org\/{rel}","templated":true}]}}