{"id":1190,"date":"2021-05-31T19:26:57","date_gmt":"2021-05-31T17:26:57","guid":{"rendered":"https:\/\/www.allexclusiveconciergerie.com\/?page_id=1190"},"modified":"2021-05-31T20:00:36","modified_gmt":"2021-05-31T18:00:36","slug":"informacion-legal","status":"publish","type":"page","link":"https:\/\/www.allexclusiveconciergerie.com\/es\/informacion-legal\/","title":{"rendered":"Informaci\u00f3n legal"},"content":{"rendered":"<section  class=\"content-section no-spacing\" ><div class=\"container\"><div class=\"vc_row wpb_row vc_row-fluid\"><div class=\"wpb_column vc_column_container vc_col-sm-12\"><div class=\"vc_column-inner\"><div class=\"wpb_wrapper\">\n\t<div class=\"wpb_text_column wpb_content_element\" >\n\t\t<div class=\"wpb_wrapper\">\n\t\t\t<h2 class=\"wp-block-heading\">Aviso legal y pol\u00edtica de privacidad<\/h2>\n<p>&nbsp;<\/p>\n<p>Exclusive Conciergerie, preocupada por los derechos de las personas, especialmente en lo que se refiere al tratamiento automatizado, y en un af\u00e1n de transparencia con sus clientes, ha establecido una pol\u00edtica que incluye todos estos procesos, los fines para los que se utilizan, as\u00ed como los medios de acci\u00f3n disponibles para que las personas puedan ejercer mejor sus derechos.<\/p>\n<p>Para cualquier informaci\u00f3n adicional sobre la protecci\u00f3n de datos personales, le invitamos a consultar el sitio: https:\/\/www.cnil.fr\/<\/p>\n<p>Al continuar navegando por este sitio, usted acepta sin reservas las siguientes disposiciones y condiciones de uso.<\/p>\n<p>La versi\u00f3n de estas condiciones de uso actualmente en l\u00ednea es la \u00fanica que puede aplicarse durante todo el per\u00edodo de uso del sitio y hasta que una nueva versi\u00f3n la sustituya.<\/p>\n<p>&nbsp;<\/p>\n<p><strong>Art\u00edculo 1 &#8211; Aviso legal<\/strong><br \/>1.1 Sitio (en adelante \u00ab\u00a0el sitio\u00a0\u00bb) :<\/p>\n<p>Conciergerie exclusiva<\/p>\n<p>1.2 Editor (en adelante \u00ab\u00a0el editor\u00a0\u00bb) :<\/p>\n<p>Conciergerie exclusiva Auto-empresario con un capital de 1 000 euros<\/p>\n<p>cuya sede social se encuentra en: 10 Place Vendome 75001 Par\u00eds<\/p>\n<p>representado por Thomas Capelle, en su calidad de fundador<\/p>\n<p>registrado en el RCS de Nanterre 847962404<\/p>\n<p>n\u00famero de tel\u00e9fono : 0634666883<\/p>\n<p>direcci\u00f3n de correo electr\u00f3nico: t.capelle@exclusiveconciergerie.com<\/p>\n<p>1.3 Anfitri\u00f3n (en adelante \u00ab\u00a0el anfitri\u00f3n\u00a0\u00bb):<\/p>\n<p>Exclusive Conciergerie est\u00e1 alojado en SquareSpace, cuyo domicilio social se encuentra en 10 Place Vendome 75001 Par\u00eds.<\/p>\n<p>&nbsp;<\/p>\n<p><strong>Art\u00edculo 2 &#8211; Acceso al recinto<\/strong><\/p>\n<p>El acceso al sitio y su utilizaci\u00f3n est\u00e1n reservados a un uso estrictamente personal. Usted se compromete a no utilizar este sitio y la informaci\u00f3n o los datos contenidos en \u00e9l con fines comerciales, pol\u00edticos o publicitarios o para cualquier forma de solicitud comercial, incluido el env\u00edo de correos electr\u00f3nicos no solicitados.<\/p>\n<p>&nbsp;<\/p>\n<p><strong>Art\u00edculo 3 &#8211; Contenido del sitio<\/strong><\/p>\n<p>Todas las marcas, fotograf\u00edas, textos, comentarios, ilustraciones, im\u00e1genes (animadas o no), secuencias de v\u00eddeo, sonidos, as\u00ed como todas las aplicaciones inform\u00e1ticas que puedan utilizarse para el funcionamiento de este sitio y, de forma m\u00e1s general, todos los elementos reproducidos o utilizados en el sitio est\u00e1n protegidos por las leyes vigentes en materia de propiedad intelectual.<\/p>\n<p>Son propiedad total y absoluta del editor o de sus socios. Queda estrictamente prohibida la reproducci\u00f3n, representaci\u00f3n, utilizaci\u00f3n o adaptaci\u00f3n, en cualquier forma, de la totalidad o parte de estos elementos, incluidas las aplicaciones inform\u00e1ticas, sin el consentimiento previo por escrito del editor. El hecho de que el editor no inicie un procedimiento en cuanto tenga conocimiento de estos usos no autorizados no significa que acepte dichos usos y renuncie a cualquier procedimiento judicial.<\/p>\n<p>&nbsp;<\/p>\n<p><strong>Art\u00edculo 4 &#8211; Gesti\u00f3n del recinto<\/strong><\/p>\n<p>Para la correcta gesti\u00f3n del sitio, el editor puede en cualquier momento:<\/p>\n<p>&#8211; suspender, interrumpir o limitar el acceso a todo o parte del sitio, reservar el acceso al sitio, o a determinadas partes del mismo, a una categor\u00eda espec\u00edfica de usuarios de Internet;<\/p>\n<p>&#8211; eliminar cualquier informaci\u00f3n que pueda perturbar el funcionamiento del sitio o que contravenga las leyes nacionales o internacionales;<\/p>\n<p>&#8211; suspender el sitio para actualizarlo.<\/p>\n<p>&nbsp;<\/p>\n<p><strong>Art\u00edculo 5 &#8211; Responsabilidades<\/strong><\/p>\n<p>El editor no podr\u00e1 ser considerado responsable en caso de fallo, aver\u00eda, dificultad o interrupci\u00f3n del funcionamiento, que impida el acceso al sitio o a una de sus funciones.<\/p>\n<p>El equipo que usted utiliza para conectarse al sitio est\u00e1 bajo su exclusiva responsabilidad. Debe tomar todas las medidas adecuadas para proteger su equipo y sus propios datos, en particular de los ataques virales a trav\u00e9s de Internet. Usted tambi\u00e9n es el \u00fanico responsable de los sitios y datos que consulte.<\/p>\n<p>El editor no se hace responsable en caso de que se inicie un procedimiento judicial contra usted:<\/p>\n<p>&#8211; debido al uso del sitio o de cualquier servicio accesible a trav\u00e9s de Internet;<\/p>\n<p>&#8211; como consecuencia de su incumplimiento de las presentes condiciones generales.<\/p>\n<p>El editor no se hace responsable de los da\u00f1os causados a usted, a terceros y\/o a su equipo como resultado de su conexi\u00f3n o uso del sitio y usted renuncia a cualquier acci\u00f3n contra \u00e9l como resultado.<\/p>\n<p>Si el editor es objeto de un procedimiento amistoso o judicial como consecuencia de su uso del sitio, podr\u00e1 emprender acciones contra usted para obtener una indemnizaci\u00f3n por todos los da\u00f1os y perjuicios, sumas, sentencias y costes que puedan derivarse de estos procedimientos.<\/p>\n<p>&nbsp;<\/p>\n<p><strong>Art\u00edculo 6 &#8211; Enlaces de hipertexto<\/strong><br \/>El establecimiento por parte de los usuarios de cualquier enlace de hipertexto hacia la totalidad o parte del sitio est\u00e1 autorizado por el editor. Cualquier enlace debe ser retirado a simple petici\u00f3n del editor.<\/p>\n<p>Cualquier informaci\u00f3n accesible a trav\u00e9s de un enlace a otros sitios no es publicada por el editor. El editor no tiene ning\u00fan derecho sobre el contenido del sitio enlazado.<\/p>\n<p>&nbsp;<\/p>\n<p><strong>Art\u00edculo 7 &#8211; Recogida y protecci\u00f3n de datos<\/strong><\/p>\n<p>Sus datos son recogidos por Exclusive Conciergerie.<\/p>\n<p>Un dato personal es cualquier informaci\u00f3n relativa a una persona f\u00edsica identificada o identificable (sujeto de los datos); una persona identificable es aquella que puede ser identificada, directa o indirectamente, especialmente por referencia a un nombre, un n\u00famero de identificaci\u00f3n o a uno o varios elementos espec\u00edficos, propios de su identidad f\u00edsica, fisiol\u00f3gica, gen\u00e9tica, ps\u00edquica, econ\u00f3mica, cultural o social.<\/p>\n<p>La informaci\u00f3n personal que puede ser recogida en el sitio es utilizada principalmente por el editor para la gesti\u00f3n de las relaciones con usted, y si es necesario para el procesamiento de sus pedidos.<\/p>\n<p>Los datos personales recogidos son los siguientes:<\/p>\n<p>&#8211; nombre y apellidos<\/p>\n<p>&#8211; direcci\u00f3n de correo electr\u00f3nico<\/p>\n<p>&nbsp;<\/p>\n<p><strong>Art\u00edculo 8 &#8211; Derecho de acceso, rectificaci\u00f3n y supresi\u00f3n de sus datos<\/strong><\/p>\n<p>De acuerdo con la normativa aplicable a los datos personales, los usuarios tienen los siguientes derechos:<\/p>\n<p>el derecho de acceso: pueden ejercer su derecho de acceso, para conocer los datos personales que les conciernen, escribiendo a la direcci\u00f3n de correo electr\u00f3nico mencionada a continuaci\u00f3n. En este caso, antes de hacer efectivo este derecho, la Plataforma podr\u00e1 solicitar una prueba de la identidad del usuario para verificar su veracidad;<\/p>\n<p>el derecho de rectificaci\u00f3n: si los datos personales en poder de la Plataforma son inexactos, pueden solicitar la actualizaci\u00f3n de la informaci\u00f3n;<\/p>\n<p>el derecho a la supresi\u00f3n de los datos: los usuarios pueden solicitar la supresi\u00f3n de sus datos personales, de conformidad con la legislaci\u00f3n aplicable en materia de protecci\u00f3n de datos;<\/p>\n<p>el derecho a la limitaci\u00f3n del tratamiento: los usuarios pueden solicitar a la Plataforma que limite el tratamiento de los datos personales de acuerdo con los supuestos previstos por el GDPR;<\/p>\n<p>el derecho de oposici\u00f3n al tratamiento de datos: los usuarios pueden oponerse al tratamiento de sus datos en los supuestos previstos por el RGPD;<\/p>\n<p>el derecho a la portabilidad: pueden solicitar que la Plataforma les entregue los datos personales que han proporcionado para transmitirlos a una nueva Plataforma.<\/p>\n<p>Puede ejercer este derecho poni\u00e9ndose en contacto con nosotros en la siguiente direcci\u00f3n<\/p>\n<p>10 Place Vendome 75001 Par\u00eds .<\/p>\n<p>O por correo electr\u00f3nico, en la siguiente direcci\u00f3n<\/p>\n<p>t.capelle@exclusiveconciergerie.com<\/p>\n<p>Todas las solicitudes deben ir acompa\u00f1adas de una fotocopia de un documento de identidad v\u00e1lido firmado por el solicitante y mencionar la direcci\u00f3n en la que el editor puede ponerse en contacto con el solicitante. Se enviar\u00e1 una respuesta en el plazo de un mes a partir de la recepci\u00f3n de la solicitud. Este plazo de un mes podr\u00e1 ampliarse en dos meses si la complejidad de la solicitud y\/o el n\u00famero de solicitudes as\u00ed lo requieren.<\/p>\n<p>Adem\u00e1s, y desde la ley n\u00b02016-1321 del 7 de octubre de 2016, las personas que lo deseen, tienen la posibilidad de organizar el destino de sus datos despu\u00e9s de su muerte. Para m\u00e1s informaci\u00f3n sobre el tema, puede consultar el sitio web de la CNIL: https:\/\/www.cnil.fr\/.<\/p>\n<p>Los usuarios tambi\u00e9n pueden presentar una queja ante la CNIL en el sitio web de la CNIL: https:\/\/www.cnil.fr.<\/p>\n<p>Le recomendamos que se ponga en contacto con nosotros antes de presentar una reclamaci\u00f3n ante la CNIL, ya que estamos a su entera disposici\u00f3n para resolver su problema.<\/p>\n<p>&nbsp;<\/p>\n<p><strong>Art\u00edculo 9 &#8211; Uso de los datos<\/strong><\/p>\n<p>Los datos personales recogidos de los usuarios tienen como finalidad la prestaci\u00f3n de los servicios de la Plataforma, su mejora y el mantenimiento de un entorno seguro. La base legal del tratamiento es la ejecuci\u00f3n del contrato entre el usuario y la Plataforma. M\u00e1s concretamente, los usos son los siguientes:<\/p>\n<p>&#8211; acceso y uso de la Plataforma por parte del usuario;<\/p>\n<p>&#8211; gesti\u00f3n del funcionamiento y optimizaci\u00f3n de la Plataforma;<\/p>\n<p>&#8211; la aplicaci\u00f3n de la asistencia al usuario;<\/p>\n<p>&#8211; verificaci\u00f3n, identificaci\u00f3n y autentificaci\u00f3n de los datos transmitidos por el usuario;<\/p>\n<p>&#8211; personalizaci\u00f3n de los servicios mostrando anuncios seg\u00fan el historial de navegaci\u00f3n y las preferencias del usuario;<\/p>\n<p>&#8211; prevenci\u00f3n y detecci\u00f3n de fraudes, software malicioso y gesti\u00f3n de incidentes de seguridad;<\/p>\n<p>&#8211; gesti\u00f3n de posibles conflictos con los usuarios;<\/p>\n<p>&#8211; enviar informaci\u00f3n comercial y publicitaria, seg\u00fan las preferencias del usuario;<\/p>\n<p>&nbsp;<\/p>\n<p><strong>Art\u00edculo 10 &#8211; Pol\u00edtica de conservaci\u00f3n de datos<\/strong><\/p>\n<p>La Plataforma conserva sus datos durante el tiempo necesario para prestarle sus servicios o asistencia.<\/p>\n<p>En la medida en que sea razonablemente necesario o requerido para cumplir con las obligaciones legales o reglamentarias, resolver disputas, prevenir el fraude y el abuso, o hacer cumplir nuestros t\u00e9rminos y condiciones, tambi\u00e9n podemos conservar parte de su informaci\u00f3n seg\u00fan sea necesario, incluso despu\u00e9s de que haya cerrado su cuenta o ya no la necesitemos para proporcionarle nuestros servicios.<\/p>\n<p>&nbsp;<\/p>\n<p><strong>Art\u00edculo 11- Compartir datos personales con terceros<\/strong><\/p>\n<p>Los datos personales pueden ser compartidos con terceras empresas exclusivamente en la Uni\u00f3n Europea, en los siguientes casos:<\/p>\n<p>&#8211; cuando el usuario publica, en las zonas de comentarios libres de la Plataforma, informaci\u00f3n accesible al p\u00fablico ;<\/p>\n<p>&#8211; cuando el usuario permite que el sitio web de un tercero acceda a sus datos;<\/p>\n<p>&#8211; cuando la Plataforma utiliza los servicios de proveedores de servicios para prestar servicios de asistencia al usuario, publicidad y pago. Estos proveedores de servicios tienen un acceso limitado a los datos del usuario para prestar estos servicios y est\u00e1n obligados contractualmente a utilizarlos de acuerdo con lo dispuesto en la normativa aplicable en materia de protecci\u00f3n de datos personales;<\/p>\n<p>&#8211; si lo exige la ley, la Plataforma puede llevar a cabo la transmisi\u00f3n de datos para el seguimiento de las reclamaciones presentadas contra la Plataforma y para cumplir con los procedimientos administrativos y judiciales.<\/p>\n<p>&nbsp;<\/p>\n<p><strong>Art\u00edculo 12 &#8211; Ofertas comerciales<\/strong><\/p>\n<p>Puede recibir ofertas comerciales del editor. Si no desea hacerlo, haga clic en el siguiente enlace: t.capelle@exclusiveconciergerie.com.<\/p>\n<p>Sus datos pueden ser utilizados por los socios del editor con fines de prospecci\u00f3n comercial. Si no lo desea, haga clic en el siguiente enlace: t.capelle@exclusiveconciergerie.com.<\/p>\n<p>Si, al consultar el sitio, usted accede a datos personales, debe abstenerse de cualquier recogida, de cualquier uso no autorizado y de cualquier acto que pueda constituir una violaci\u00f3n de la intimidad o de la reputaci\u00f3n de las personas. El editor declina toda responsabilidad al respecto.<\/p>\n<p>Los datos se conservan y utilizan durante un periodo de tiempo acorde con la legislaci\u00f3n vigente.<\/p>\n<p><strong>Art\u00edculo 13 &#8211; Cookies<\/strong><\/p>\n<p>\u00bfQu\u00e9 es una \u00ab\u00a0galleta\u00a0\u00bb?<\/p>\n<p>Una \u00ab\u00a0cookie\u00a0\u00bb o rastreador es un archivo electr\u00f3nico que se deposita en un terminal (ordenador, tableta, smartphone, etc.) y que se lee, por ejemplo, al consultar un sitio web, leer un correo electr\u00f3nico, instalar o utilizar un programa inform\u00e1tico o una aplicaci\u00f3n m\u00f3vil, independientemente del tipo de terminal utilizado (fuente: https:\/\/www.cnil.fr\/fr\/cookies-traceurs-que-dit-la-loi).<\/p>\n<p>Al navegar por este sitio, pueden depositarse en su terminal \u00ab\u00a0cookies\u00a0\u00bb de la empresa responsable del sitio en cuesti\u00f3n y\/o de terceras empresas.<\/p>\n<p>La primera vez que navegue por este sitio, aparecer\u00e1 un banner explicando el uso de \u00ab\u00a0cookies\u00a0\u00bb. A partir de ese momento, al continuar la navegaci\u00f3n, el cliente y\/o prospecto se considerar\u00e1 informado y aceptar\u00e1 el uso de dichas \u00ab\u00a0cookies\u00a0\u00bb. El consentimiento dado ser\u00e1 v\u00e1lido por un per\u00edodo de trece (13) meses.\u00a0El usuario tiene la posibilidad de desactivar las cookies desde la configuraci\u00f3n de su navegador.<\/p>\n<p>Toda la informaci\u00f3n recopilada se utilizar\u00e1 \u00fanicamente para hacer un seguimiento del volumen, el tipo y el patr\u00f3n de tr\u00e1fico que utiliza este sitio, para desarrollar el dise\u00f1o y la disposici\u00f3n del sitio y para otros fines administrativos y de planificaci\u00f3n y, en general, para mejorar el servicio que le ofrecemos.<\/p>\n<p>Las siguientes cookies est\u00e1n presentes en este sitio:<\/p>\n<p>La vida \u00fatil de estas galletas es de trece meses.<\/p>\n<p>Para m\u00e1s informaci\u00f3n sobre el uso, gesti\u00f3n y eliminaci\u00f3n de \u00ab\u00a0cookies\u00a0\u00bb, para todo tipo de navegadores, le invitamos a consultar el siguiente enlace: https:\/\/www.cnil.fr\/fr\/cookies-les-outils-pour-les-maitriser.<\/p>\n<p>&nbsp;<\/p>\n<p><strong>Art\u00edculo 14 &#8211; Fotograf\u00edas y representaci\u00f3n de productos<\/strong><br \/>Las fotograf\u00edas de los productos, que acompa\u00f1an a su descripci\u00f3n, no son contractuales y no comprometen al editor.<\/p>\n<p><strong>Art\u00edculo 15 &#8211; Derecho aplicable<\/strong><br \/>Las presentes condiciones de uso del sitio se rigen por el derecho franc\u00e9s y se someten a la competencia de los tribunales de la sede del editor, a reserva de una atribuci\u00f3n espec\u00edfica de competencia resultante de un texto de ley o de un reglamento particular.<\/p>\n<p>&nbsp;<\/p>\n<p><strong>Art\u00edculo 16 &#8211; Contacto<\/strong><br \/>Para cualquier pregunta, informaci\u00f3n sobre los productos presentados en el sitio, o relativa al propio sitio, puede dejar un mensaje en la siguiente direcci\u00f3n: t.capelle@exclusiveconciergerie.com.<\/p>\n\n\t\t<\/div>\n\t<\/div>\n<\/div><\/div><\/div><\/div><\/div><\/section>","protected":false},"excerpt":{"rendered":"Aviso legal y pol\u00edtica de privacidad &nbsp; Exclusive Conciergerie, preocupada por los derechos de las personas, especialmente en lo que se refiere al tratamiento automatizado, y en un af\u00e1n de transparencia con sus clientes, ha establecido una pol\u00edtica que incluye todos estos procesos, los fines para los que se utilizan, as\u00ed como los medios de [...]","protected":false},"author":1,"featured_media":0,"parent":0,"menu_order":0,"comment_status":"closed","ping_status":"open","template":"","meta":{"footnotes":""},"class_list":["post-1190","page","type-page","status-publish","hentry"],"yoast_head":"<!-- This site is optimized with the Yoast SEO plugin v21.6 - https:\/\/yoast.com\/wordpress\/plugins\/seo\/ -->\n<title>All Exclusive Conciergerie - Informaci\u00f3n legal<\/title>\n<meta name=\"robots\" content=\"index, follow, max-snippet:-1, max-image-preview:large, max-video-preview:-1\" \/>\n<link rel=\"canonical\" href=\"https:\/\/www.allexclusiveconciergerie.com\/es\/informacion-legal\/\" \/>\n<meta property=\"og:locale\" content=\"es_ES\" \/>\n<meta property=\"og:type\" content=\"article\" \/>\n<meta property=\"og:title\" content=\"All Exclusive Conciergerie - Informaci\u00f3n legal\" \/>\n<meta property=\"og:url\" content=\"https:\/\/www.allexclusiveconciergerie.com\/es\/informacion-legal\/\" \/>\n<meta property=\"og:site_name\" content=\"All Exclusive Conciergerie\" \/>\n<meta property=\"article:modified_time\" content=\"2021-05-31T18:00:36+00:00\" \/>\n<meta name=\"twitter:card\" content=\"summary_large_image\" \/>\n<meta name=\"twitter:label1\" content=\"Tiempo de lectura\" \/>\n\t<meta name=\"twitter:data1\" content=\"12 minutos\" \/>\n<script type=\"application\/ld+json\" class=\"yoast-schema-graph\">{\"@context\":\"https:\/\/schema.org\",\"@graph\":[{\"@type\":\"WebPage\",\"@id\":\"https:\/\/www.allexclusiveconciergerie.com\/es\/informacion-legal\/\",\"url\":\"https:\/\/www.allexclusiveconciergerie.com\/es\/informacion-legal\/\",\"name\":\"All Exclusive Conciergerie - Informaci\u00f3n legal\",\"isPartOf\":{\"@id\":\"https:\/\/www.allexclusiveconciergerie.com\/fr\/#website\"},\"datePublished\":\"2021-05-31T17:26:57+00:00\",\"dateModified\":\"2021-05-31T18:00:36+00:00\",\"breadcrumb\":{\"@id\":\"https:\/\/www.allexclusiveconciergerie.com\/es\/informacion-legal\/#breadcrumb\"},\"inLanguage\":\"es\",\"potentialAction\":[{\"@type\":\"ReadAction\",\"target\":[\"https:\/\/www.allexclusiveconciergerie.com\/es\/informacion-legal\/\"]}]},{\"@type\":\"BreadcrumbList\",\"@id\":\"https:\/\/www.allexclusiveconciergerie.com\/es\/informacion-legal\/#breadcrumb\",\"itemListElement\":[{\"@type\":\"ListItem\",\"position\":1,\"name\":\"Accueil\",\"item\":\"https:\/\/www.allexclusiveconciergerie.com\/es\/\"},{\"@type\":\"ListItem\",\"position\":2,\"name\":\"Informaci\u00f3n legal\"}]},{\"@type\":\"WebSite\",\"@id\":\"https:\/\/www.allexclusiveconciergerie.com\/fr\/#website\",\"url\":\"https:\/\/www.allexclusiveconciergerie.com\/fr\/\",\"name\":\"All Exclusive Conciergerie\",\"description\":\"Facilatateur de vie et d\u2019envie\",\"potentialAction\":[{\"@type\":\"SearchAction\",\"target\":{\"@type\":\"EntryPoint\",\"urlTemplate\":\"https:\/\/www.allexclusiveconciergerie.com\/fr\/?s={search_term_string}\"},\"query-input\":\"required name=search_term_string\"}],\"inLanguage\":\"es\"}]}<\/script>\n<!-- \/ Yoast SEO plugin. -->","yoast_head_json":{"title":"All Exclusive Conciergerie - Informaci\u00f3n legal","robots":{"index":"index","follow":"follow","max-snippet":"max-snippet:-1","max-image-preview":"max-image-preview:large","max-video-preview":"max-video-preview:-1"},"canonical":"https:\/\/www.allexclusiveconciergerie.com\/es\/informacion-legal\/","og_locale":"es_ES","og_type":"article","og_title":"All Exclusive Conciergerie - Informaci\u00f3n legal","og_url":"https:\/\/www.allexclusiveconciergerie.com\/es\/informacion-legal\/","og_site_name":"All Exclusive Conciergerie","article_modified_time":"2021-05-31T18:00:36+00:00","twitter_card":"summary_large_image","twitter_misc":{"Tiempo de lectura":"12 minutos"},"schema":{"@context":"https:\/\/schema.org","@graph":[{"@type":"WebPage","@id":"https:\/\/www.allexclusiveconciergerie.com\/es\/informacion-legal\/","url":"https:\/\/www.allexclusiveconciergerie.com\/es\/informacion-legal\/","name":"All Exclusive Conciergerie - Informaci\u00f3n legal","isPartOf":{"@id":"https:\/\/www.allexclusiveconciergerie.com\/fr\/#website"},"datePublished":"2021-05-31T17:26:57+00:00","dateModified":"2021-05-31T18:00:36+00:00","breadcrumb":{"@id":"https:\/\/www.allexclusiveconciergerie.com\/es\/informacion-legal\/#breadcrumb"},"inLanguage":"es","potentialAction":[{"@type":"ReadAction","target":["https:\/\/www.allexclusiveconciergerie.com\/es\/informacion-legal\/"]}]},{"@type":"BreadcrumbList","@id":"https:\/\/www.allexclusiveconciergerie.com\/es\/informacion-legal\/#breadcrumb","itemListElement":[{"@type":"ListItem","position":1,"name":"Accueil","item":"https:\/\/www.allexclusiveconciergerie.com\/es\/"},{"@type":"ListItem","position":2,"name":"Informaci\u00f3n legal"}]},{"@type":"WebSite","@id":"https:\/\/www.allexclusiveconciergerie.com\/fr\/#website","url":"https:\/\/www.allexclusiveconciergerie.com\/fr\/","name":"All Exclusive Conciergerie","description":"Facilatateur de vie et d\u2019envie","potentialAction":[{"@type":"SearchAction","target":{"@type":"EntryPoint","urlTemplate":"https:\/\/www.allexclusiveconciergerie.com\/fr\/?s={search_term_string}"},"query-input":"required name=search_term_string"}],"inLanguage":"es"}]}},"lang":"es","translations":{"en":1111,"fr":3,"es":1190},"_links":{"self":[{"href":"https:\/\/www.allexclusiveconciergerie.com\/es\/wp-json\/wp\/v2\/pages\/1190","targetHints":{"allow":["GET"]}}],"collection":[{"href":"https:\/\/www.allexclusiveconciergerie.com\/es\/wp-json\/wp\/v2\/pages"}],"about":[{"href":"https:\/\/www.allexclusiveconciergerie.com\/es\/wp-json\/wp\/v2\/types\/page"}],"author":[{"embeddable":true,"href":"https:\/\/www.allexclusiveconciergerie.com\/es\/wp-json\/wp\/v2\/users\/1"}],"replies":[{"embeddable":true,"href":"https:\/\/www.allexclusiveconciergerie.com\/es\/wp-json\/wp\/v2\/comments?post=1190"}],"version-history":[{"count":4,"href":"https:\/\/www.allexclusiveconciergerie.com\/es\/wp-json\/wp\/v2\/pages\/1190\/revisions"}],"predecessor-version":[{"id":1240,"href":"https:\/\/www.allexclusiveconciergerie.com\/es\/wp-json\/wp\/v2\/pages\/1190\/revisions\/1240"}],"wp:attachment":[{"href":"https:\/\/www.allexclusiveconciergerie.com\/es\/wp-json\/wp\/v2\/media?parent=1190"}],"curies":[{"name":"wp","href":"https:\/\/api.w.org\/{rel}","templated":true}]}}