{"id":1199,"date":"2021-05-31T19:28:17","date_gmt":"2021-05-31T17:28:17","guid":{"rendered":"https:\/\/www.allexclusiveconciergerie.com\/?page_id=1199"},"modified":"2021-06-04T13:37:39","modified_gmt":"2021-06-04T11:37:39","slug":"transportes","status":"publish","type":"page","link":"https:\/\/www.allexclusiveconciergerie.com\/es\/transportes\/","title":{"rendered":"Transportes"},"content":{"rendered":"<div class=\"vc_row wpb_row vc_row-fluid header-spacing\"><div class=\"wpb_column vc_column_container vc_col-sm-12\"><div class=\"vc_column-inner\"><div class=\"wpb_wrapper\">\n\t\t\t<!-- START Service  Transports REVOLUTION SLIDER 6.4.10 --><p class=\"rs-p-wp-fix\"><\/p>\n\t\t\t<rs-module-wrap id=\"rev_slider_5_1_wrapper\" data-source=\"gallery\" data-aimg=\"\"  style=\"background:#E9E9E9;padding:0;\">\n\t\t\t\t<rs-module id=\"rev_slider_5_1\" style=\"\" data-version=\"6.4.10\">\n\t\t\t\t\t<rs-slides>\n\t\t\t\t\t\t<rs-slide data-key=\"rs-7\" data-title=\"Slide\" data-anim=\"d:100;ms:1500;f:center;\" data-in=\"prst:rndany;o:0;r:cyc(10|6|3|0|-3|-6|-10);sx:1.5;sy:1.2;m:true;col:7;\">\n\t\t\t\t\t\t\t<img loading=\"lazy\" decoding=\"async\" src=\"\/\/www.allexclusiveconciergerie.com\/wp-content\/uploads\/2021\/05\/transports.jpg\" title=\"transports\" width=\"2398\" height=\"1599\" class=\"rev-slidebg tp-rs-img\" data-no-retina>\n<!--\n\t\t\t\t\t\t\t--><rs-layer\n\t\t\t\t\t\t\t\tid=\"slider-5-slide-7-layer-9\" \n\t\t\t\t\t\t\t\tdata-type=\"shape\"\n\t\t\t\t\t\t\t\tdata-rsp_ch=\"on\"\n\t\t\t\t\t\t\t\tdata-text=\"w:normal;\"\n\t\t\t\t\t\t\t\tdata-dim=\"w:100%;h:100%;\"\n\t\t\t\t\t\t\t\tdata-basealign=\"slide\"\n\t\t\t\t\t\t\t\tdata-frame_999=\"o:0;st:w;\"\n\t\t\t\t\t\t\t\tstyle=\"z-index:5;background-color:rgba(0,0,0,0.2);\"\n\t\t\t\t\t\t\t> \n\t\t\t\t\t\t\t<\/rs-layer><!--\n-->\t\t\t\t\t\t<\/rs-slide>\n\t\t\t\t\t\t<rs-slide data-key=\"rs-71\" data-title=\"Slide\" data-anim=\"o:outin;\" data-in=\"prst:rndany;o:0;sx:0.85;sy:0.85;\" data-out=\"x:100%;\">\n\t\t\t\t\t\t\t<img loading=\"lazy\" decoding=\"async\" src=\"\/\/www.allexclusiveconciergerie.com\/wp-content\/uploads\/2021\/05\/transports.jpg\" title=\"transports\" width=\"2398\" height=\"1599\" class=\"rev-slidebg tp-rs-img\" data-no-retina>\n<!--\n\t\t\t\t\t\t\t--><rs-layer\n\t\t\t\t\t\t\t\tid=\"slider-5-slide-71-layer-9\" \n\t\t\t\t\t\t\t\tdata-type=\"shape\"\n\t\t\t\t\t\t\t\tdata-rsp_ch=\"on\"\n\t\t\t\t\t\t\t\tdata-text=\"w:normal;\"\n\t\t\t\t\t\t\t\tdata-dim=\"w:100%;h:100%;\"\n\t\t\t\t\t\t\t\tdata-basealign=\"slide\"\n\t\t\t\t\t\t\t\tdata-frame_999=\"o:0;st:w;\"\n\t\t\t\t\t\t\t\tstyle=\"z-index:5;background-color:rgba(0,0,0,0.2);\"\n\t\t\t\t\t\t\t> \n\t\t\t\t\t\t\t<\/rs-layer><!--\n-->\t\t\t\t\t\t<\/rs-slide>\n\t\t\t\t\t<\/rs-slides>\n\t\t\t\t<\/rs-module>\n\t\t\t\t<script type=\"text\/javascript\">\n\t\t\t\t\tsetREVStartSize({c: 'rev_slider_5_1',rl:[1240,1024,778,480],el:[1005],gw:[1100],gh:[1005],type:'standard',justify:'',layout:'fullscreen',offsetContainer:'',offset:'',mh:\"0\"});\n\t\t\t\t\tvar\trevapi5,\n\t\t\t\t\t\ttpj;\n\t\t\t\t\tfunction revinit_revslider51() {\n\t\t\t\t\tjQuery(function() {\n\t\t\t\t\t\ttpj = jQuery;\n\t\t\t\t\t\trevapi5 = tpj(\"#rev_slider_5_1\");\n\t\t\t\t\t\ttpj.noConflict();\n\t\t\t\t\t\tif(revapi5==undefined || revapi5.revolution == undefined){\n\t\t\t\t\t\t\trevslider_showDoubleJqueryError(\"rev_slider_5_1\");\n\t\t\t\t\t\t}else{\n\t\t\t\t\t\t\trevapi5.revolution({\n\t\t\t\t\t\t\t\tDPR:\"dpr\",\n\t\t\t\t\t\t\t\tsliderLayout:\"fullscreen\",\n\t\t\t\t\t\t\t\tduration:\"25000ms\",\n\t\t\t\t\t\t\t\tvisibilityLevels:\"1240,1024,778,480\",\n\t\t\t\t\t\t\t\tgridwidth:1100,\n\t\t\t\t\t\t\t\tgridheight:1005,\n\t\t\t\t\t\t\t\tspinner:\"spinner0\",\n\t\t\t\t\t\t\t\tperspective:600,\n\t\t\t\t\t\t\t\tperspectiveType:\"local\",\n\t\t\t\t\t\t\t\teditorheight:\"1005,768,960,720\",\n\t\t\t\t\t\t\t\tresponsiveLevels:\"1240,1024,778,480\",\n\t\t\t\t\t\t\t\tstopAtSlide:2,\n\t\t\t\t\t\t\t\tstopAfterLoops:0,\n\t\t\t\t\t\t\t\tajaxUrl:\"https:\/\/www.allexclusiveconciergerie.com\/wp-admin\/admin-ajax.php\",\n\t\t\t\t\t\t\t\tprogressBar:{disableProgressBar:true},\n\t\t\t\t\t\t\t\tnavigation: {\n\t\t\t\t\t\t\t\t\tmouseScrollNavigation:false,\n\t\t\t\t\t\t\t\t\twheelCallDelay:1000,\n\t\t\t\t\t\t\t\t\ttouch: {\n\t\t\t\t\t\t\t\t\t\ttouchenabled:true\n\t\t\t\t\t\t\t\t\t}\n\t\t\t\t\t\t\t\t},\n\t\t\t\t\t\t\t\tfallbacks: {\n\t\t\t\t\t\t\t\t\tallowHTML5AutoPlayOnAndroid:true\n\t\t\t\t\t\t\t\t},\n\t\t\t\t\t\t\t});\n\t\t\t\t\t\t}\n\t\t\t\t\t\t\n\t\t\t\t\t});\n\t\t\t\t\t} \/\/ End of RevInitScript\n\t\t\t\tvar once_revslider51 = false;\n\t\t\t\tif (document.readyState === \"loading\") {document.addEventListener('readystatechange',function() { if((document.readyState === \"interactive\" || document.readyState === \"complete\") && !once_revslider51 ) { once_revslider51 = true; revinit_revslider51();}});} else {once_revslider51 = true; revinit_revslider51();}\n\t\t\t\t<\/script>\n\t\t\t<\/rs-module-wrap>\n\t\t\t<!-- END REVOLUTION SLIDER -->\n<\/div><\/div><\/div><\/div><section  class=\"content-section\" style=\"background-color: #f9f9f9;\"><div class=\"container\"><div class=\"vc_row wpb_row vc_row-fluid\"><div class=\"wpb_column vc_column_container vc_col-sm-12\"><div class=\"vc_column-inner\"><div class=\"wpb_wrapper\"><div class=\"vc_row wpb_row vc_inner vc_row-fluid\"><div class=\"wpb_column vc_column_container vc_col-sm-6\"><div class=\"vc_column-inner\"><div class=\"wpb_wrapper\"><div class=\"wpb_images_carousel wpb_content_element vc_clearfix\"><div class=\"wpb_wrapper\"><div id=\"vc_images-carousel-1-1777441762\" data-ride=\"vc_carousel\" data-wrap=\"false\" style=\"width: 100%;\" data-interval=\"0\" data-auto-height=\"yes\" data-mode=\"horizontal\" data-partial=\"false\" data-per-view=\"1\" data-hide-on-end=\"true\" class=\"vc_slide vc_images_carousel\"><ol class=\"vc_carousel-indicators\"><li data-target=\"#vc_images-carousel-1-1777441762\" data-slide-to=\"0\"><\/li><li data-target=\"#vc_images-carousel-1-1777441762\" data-slide-to=\"1\"><\/li><li data-target=\"#vc_images-carousel-1-1777441762\" data-slide-to=\"2\"><\/li><\/ol><div class=\"vc_carousel-inner\"><div class=\"vc_carousel-slideline\"><div class=\"vc_carousel-slideline-inner\"><div class=\"vc_item\"><div class=\"vc_inner\"><a class=\"\" href=\"https:\/\/www.allexclusiveconciergerie.com\/wp-content\/uploads\/2021\/05\/transport-min-3-1-1024x683.jpg\" data-lightbox=\"lightbox[rel-1199-4167559829]\"><img loading=\"lazy\" decoding=\"async\" width=\"2560\" height=\"1707\" src=\"https:\/\/www.allexclusiveconciergerie.com\/wp-content\/uploads\/2021\/05\/transport-min-3-1-scaled.jpg\" class=\"attachment-full\" alt=\"\" srcset=\"https:\/\/www.allexclusiveconciergerie.com\/wp-content\/uploads\/2021\/05\/transport-min-3-1-scaled.jpg 2560w, https:\/\/www.allexclusiveconciergerie.com\/wp-content\/uploads\/2021\/05\/transport-min-3-1-300x200.jpg 300w, https:\/\/www.allexclusiveconciergerie.com\/wp-content\/uploads\/2021\/05\/transport-min-3-1-1024x683.jpg 1024w, https:\/\/www.allexclusiveconciergerie.com\/wp-content\/uploads\/2021\/05\/transport-min-3-1-768x512.jpg 768w, https:\/\/www.allexclusiveconciergerie.com\/wp-content\/uploads\/2021\/05\/transport-min-3-1-125x83.jpg 125w, https:\/\/www.allexclusiveconciergerie.com\/wp-content\/uploads\/2021\/05\/transport-min-3-1-75x50.jpg 75w, https:\/\/www.allexclusiveconciergerie.com\/wp-content\/uploads\/2021\/05\/transport-min-3-1-1536x1024.jpg 1536w, https:\/\/www.allexclusiveconciergerie.com\/wp-content\/uploads\/2021\/05\/transport-min-3-1-2048x1365.jpg 2048w\" sizes=\"auto, (max-width: 2560px) 100vw, 2560px\" \/><\/a><\/div><\/div><div class=\"vc_item\"><div class=\"vc_inner\"><a class=\"\" href=\"https:\/\/www.allexclusiveconciergerie.com\/wp-content\/uploads\/2021\/05\/transport-min-1024x683.jpg\" data-lightbox=\"lightbox[rel-1199-4167559829]\"><img loading=\"lazy\" decoding=\"async\" width=\"2560\" height=\"1707\" src=\"https:\/\/www.allexclusiveconciergerie.com\/wp-content\/uploads\/2021\/05\/transport-min-scaled.jpg\" class=\"attachment-full\" alt=\"\" srcset=\"https:\/\/www.allexclusiveconciergerie.com\/wp-content\/uploads\/2021\/05\/transport-min-scaled.jpg 2560w, https:\/\/www.allexclusiveconciergerie.com\/wp-content\/uploads\/2021\/05\/transport-min-300x200.jpg 300w, https:\/\/www.allexclusiveconciergerie.com\/wp-content\/uploads\/2021\/05\/transport-min-1024x683.jpg 1024w, https:\/\/www.allexclusiveconciergerie.com\/wp-content\/uploads\/2021\/05\/transport-min-768x512.jpg 768w, https:\/\/www.allexclusiveconciergerie.com\/wp-content\/uploads\/2021\/05\/transport-min-125x83.jpg 125w, https:\/\/www.allexclusiveconciergerie.com\/wp-content\/uploads\/2021\/05\/transport-min-75x50.jpg 75w, https:\/\/www.allexclusiveconciergerie.com\/wp-content\/uploads\/2021\/05\/transport-min-1536x1024.jpg 1536w, https:\/\/www.allexclusiveconciergerie.com\/wp-content\/uploads\/2021\/05\/transport-min-2048x1365.jpg 2048w\" sizes=\"auto, (max-width: 2560px) 100vw, 2560px\" \/><\/a><\/div><\/div><div class=\"vc_item\"><div class=\"vc_inner\"><a class=\"\" href=\"https:\/\/www.allexclusiveconciergerie.com\/wp-content\/uploads\/2021\/05\/voyages-min-4-1024x576.jpg\" data-lightbox=\"lightbox[rel-1199-4167559829]\"><img loading=\"lazy\" decoding=\"async\" width=\"2560\" height=\"1440\" src=\"https:\/\/www.allexclusiveconciergerie.com\/wp-content\/uploads\/2021\/05\/voyages-min-4-scaled.jpg\" class=\"attachment-full\" alt=\"\" srcset=\"https:\/\/www.allexclusiveconciergerie.com\/wp-content\/uploads\/2021\/05\/voyages-min-4-scaled.jpg 2560w, https:\/\/www.allexclusiveconciergerie.com\/wp-content\/uploads\/2021\/05\/voyages-min-4-300x169.jpg 300w, https:\/\/www.allexclusiveconciergerie.com\/wp-content\/uploads\/2021\/05\/voyages-min-4-1024x576.jpg 1024w, https:\/\/www.allexclusiveconciergerie.com\/wp-content\/uploads\/2021\/05\/voyages-min-4-768x432.jpg 768w, https:\/\/www.allexclusiveconciergerie.com\/wp-content\/uploads\/2021\/05\/voyages-min-4-125x70.jpg 125w, https:\/\/www.allexclusiveconciergerie.com\/wp-content\/uploads\/2021\/05\/voyages-min-4-75x42.jpg 75w, https:\/\/www.allexclusiveconciergerie.com\/wp-content\/uploads\/2021\/05\/voyages-min-4-1536x864.jpg 1536w, https:\/\/www.allexclusiveconciergerie.com\/wp-content\/uploads\/2021\/05\/voyages-min-4-2048x1152.jpg 2048w\" sizes=\"auto, (max-width: 2560px) 100vw, 2560px\" \/><\/a><\/div><\/div><\/div><\/div><\/div><a class=\"vc_left vc_carousel-control\" href=\"#vc_images-carousel-1-1777441762\" data-slide=\"prev\"><span class=\"icon-prev\"><\/span><\/a><a class=\"vc_right vc_carousel-control\" href=\"#vc_images-carousel-1-1777441762\" data-slide=\"next\"><span class=\"icon-next\"><\/span><\/a><\/div><\/div><\/div><\/div><\/div><\/div><div class=\"wpb_column vc_column_container vc_col-sm-6\"><div class=\"vc_column-inner\"><div class=\"wpb_wrapper\">\t\t<div class=\"side-text-left\" >\n\t\t\t<h5 style=\"text-align: center;\">Organizamos y gestionamos sus traslados, sus reservas de aviones y yates privados. Esto tambi\u00e9n se aplica para las reservas de conductores privados y la provisi\u00f3n de veh\u00edculos.<\/h5>\n\n            \t\t<\/div>\n\t\t<div class=\"vc_btn3-container vc_btn3-center vc_custom_1622484452507\" ><a style=\"background-color:#25282b; color:#ffffff;\" class=\"vc_general vc_btn3 vc_btn3-size-md vc_btn3-shape-square vc_btn3-style-custom\" href=\"\/es\/contacte-con\/\" title=\"\">RESERVA<\/a><\/div><\/div><\/div><\/div><\/div><\/div><\/div><\/div><\/div><\/div><\/section>","protected":false},"excerpt":{"rendered":"Organizamos y gestionamos sus traslados, sus reservas de aviones y yates privados. Esto tambi\u00e9n se aplica para las reservas de conductores privados y la provisi\u00f3n de veh\u00edculos. RESERVA","protected":false},"author":1,"featured_media":0,"parent":0,"menu_order":0,"comment_status":"closed","ping_status":"closed","template":"page-portfolio.php","meta":{"footnotes":""},"class_list":["post-1199","page","type-page","status-publish","hentry"],"yoast_head":"<!-- This site is optimized with the Yoast SEO plugin v21.6 - https:\/\/yoast.com\/wordpress\/plugins\/seo\/ -->\n<title>All Exclusive Conciergerie - Transportes<\/title>\n<meta name=\"robots\" content=\"index, follow, max-snippet:-1, max-image-preview:large, max-video-preview:-1\" \/>\n<link rel=\"canonical\" href=\"https:\/\/www.allexclusiveconciergerie.com\/es\/transportes\/\" \/>\n<meta property=\"og:locale\" content=\"es_ES\" \/>\n<meta property=\"og:type\" content=\"article\" \/>\n<meta property=\"og:title\" content=\"All Exclusive Conciergerie - Transportes\" \/>\n<meta property=\"og:url\" content=\"https:\/\/www.allexclusiveconciergerie.com\/es\/transportes\/\" \/>\n<meta property=\"og:site_name\" content=\"All Exclusive Conciergerie\" \/>\n<meta property=\"article:modified_time\" content=\"2021-06-04T11:37:39+00:00\" \/>\n<meta name=\"twitter:card\" content=\"summary_large_image\" \/>\n<meta name=\"twitter:label1\" content=\"Tiempo de lectura\" \/>\n\t<meta name=\"twitter:data1\" content=\"1 minuto\" \/>\n<script type=\"application\/ld+json\" class=\"yoast-schema-graph\">{\"@context\":\"https:\/\/schema.org\",\"@graph\":[{\"@type\":\"WebPage\",\"@id\":\"https:\/\/www.allexclusiveconciergerie.com\/es\/transportes\/\",\"url\":\"https:\/\/www.allexclusiveconciergerie.com\/es\/transportes\/\",\"name\":\"All Exclusive Conciergerie - Transportes\",\"isPartOf\":{\"@id\":\"https:\/\/www.allexclusiveconciergerie.com\/fr\/#website\"},\"datePublished\":\"2021-05-31T17:28:17+00:00\",\"dateModified\":\"2021-06-04T11:37:39+00:00\",\"breadcrumb\":{\"@id\":\"https:\/\/www.allexclusiveconciergerie.com\/es\/transportes\/#breadcrumb\"},\"inLanguage\":\"es\",\"potentialAction\":[{\"@type\":\"ReadAction\",\"target\":[\"https:\/\/www.allexclusiveconciergerie.com\/es\/transportes\/\"]}]},{\"@type\":\"BreadcrumbList\",\"@id\":\"https:\/\/www.allexclusiveconciergerie.com\/es\/transportes\/#breadcrumb\",\"itemListElement\":[{\"@type\":\"ListItem\",\"position\":1,\"name\":\"Accueil\",\"item\":\"https:\/\/www.allexclusiveconciergerie.com\/es\/\"},{\"@type\":\"ListItem\",\"position\":2,\"name\":\"Transportes\"}]},{\"@type\":\"WebSite\",\"@id\":\"https:\/\/www.allexclusiveconciergerie.com\/fr\/#website\",\"url\":\"https:\/\/www.allexclusiveconciergerie.com\/fr\/\",\"name\":\"All Exclusive Conciergerie\",\"description\":\"Facilatateur de vie et d\u2019envie\",\"potentialAction\":[{\"@type\":\"SearchAction\",\"target\":{\"@type\":\"EntryPoint\",\"urlTemplate\":\"https:\/\/www.allexclusiveconciergerie.com\/fr\/?s={search_term_string}\"},\"query-input\":\"required name=search_term_string\"}],\"inLanguage\":\"es\"}]}<\/script>\n<!-- \/ Yoast SEO plugin. -->","yoast_head_json":{"title":"All Exclusive Conciergerie - Transportes","robots":{"index":"index","follow":"follow","max-snippet":"max-snippet:-1","max-image-preview":"max-image-preview:large","max-video-preview":"max-video-preview:-1"},"canonical":"https:\/\/www.allexclusiveconciergerie.com\/es\/transportes\/","og_locale":"es_ES","og_type":"article","og_title":"All Exclusive Conciergerie - Transportes","og_url":"https:\/\/www.allexclusiveconciergerie.com\/es\/transportes\/","og_site_name":"All Exclusive Conciergerie","article_modified_time":"2021-06-04T11:37:39+00:00","twitter_card":"summary_large_image","twitter_misc":{"Tiempo de lectura":"1 minuto"},"schema":{"@context":"https:\/\/schema.org","@graph":[{"@type":"WebPage","@id":"https:\/\/www.allexclusiveconciergerie.com\/es\/transportes\/","url":"https:\/\/www.allexclusiveconciergerie.com\/es\/transportes\/","name":"All Exclusive Conciergerie - Transportes","isPartOf":{"@id":"https:\/\/www.allexclusiveconciergerie.com\/fr\/#website"},"datePublished":"2021-05-31T17:28:17+00:00","dateModified":"2021-06-04T11:37:39+00:00","breadcrumb":{"@id":"https:\/\/www.allexclusiveconciergerie.com\/es\/transportes\/#breadcrumb"},"inLanguage":"es","potentialAction":[{"@type":"ReadAction","target":["https:\/\/www.allexclusiveconciergerie.com\/es\/transportes\/"]}]},{"@type":"BreadcrumbList","@id":"https:\/\/www.allexclusiveconciergerie.com\/es\/transportes\/#breadcrumb","itemListElement":[{"@type":"ListItem","position":1,"name":"Accueil","item":"https:\/\/www.allexclusiveconciergerie.com\/es\/"},{"@type":"ListItem","position":2,"name":"Transportes"}]},{"@type":"WebSite","@id":"https:\/\/www.allexclusiveconciergerie.com\/fr\/#website","url":"https:\/\/www.allexclusiveconciergerie.com\/fr\/","name":"All Exclusive Conciergerie","description":"Facilatateur de vie et d\u2019envie","potentialAction":[{"@type":"SearchAction","target":{"@type":"EntryPoint","urlTemplate":"https:\/\/www.allexclusiveconciergerie.com\/fr\/?s={search_term_string}"},"query-input":"required name=search_term_string"}],"inLanguage":"es"}]}},"lang":"es","translations":{"en":1127,"fr":696,"es":1199},"_links":{"self":[{"href":"https:\/\/www.allexclusiveconciergerie.com\/es\/wp-json\/wp\/v2\/pages\/1199","targetHints":{"allow":["GET"]}}],"collection":[{"href":"https:\/\/www.allexclusiveconciergerie.com\/es\/wp-json\/wp\/v2\/pages"}],"about":[{"href":"https:\/\/www.allexclusiveconciergerie.com\/es\/wp-json\/wp\/v2\/types\/page"}],"author":[{"embeddable":true,"href":"https:\/\/www.allexclusiveconciergerie.com\/es\/wp-json\/wp\/v2\/users\/1"}],"replies":[{"embeddable":true,"href":"https:\/\/www.allexclusiveconciergerie.com\/es\/wp-json\/wp\/v2\/comments?post=1199"}],"version-history":[{"count":7,"href":"https:\/\/www.allexclusiveconciergerie.com\/es\/wp-json\/wp\/v2\/pages\/1199\/revisions"}],"predecessor-version":[{"id":1283,"href":"https:\/\/www.allexclusiveconciergerie.com\/es\/wp-json\/wp\/v2\/pages\/1199\/revisions\/1283"}],"wp:attachment":[{"href":"https:\/\/www.allexclusiveconciergerie.com\/es\/wp-json\/wp\/v2\/media?parent=1199"}],"curies":[{"name":"wp","href":"https:\/\/api.w.org\/{rel}","templated":true}]}}